{"id":912,"date":"2019-03-19T19:15:23","date_gmt":"2019-03-19T18:15:23","guid":{"rendered":"https:\/\/lebnf.fr\/?page_id=912"},"modified":"2019-03-21T12:17:37","modified_gmt":"2019-03-21T11:17:37","slug":"mentions-legales","status":"publish","type":"page","link":"https:\/\/lebnf.fr\/en\/mentions-legales\/","title":{"rendered":"lebnf.fr &#8211; Mentions l\u00e9gales"},"content":{"rendered":"<div data-elementor-type=\"wp-post\" data-elementor-id=\"912\" class=\"elementor elementor-912\">\n\t\t\t\t\t\t<section class=\"elementor-section elementor-top-section elementor-element elementor-element-66a6137 elementor-section-boxed elementor-section-height-default elementor-section-height-default\" data-id=\"66a6137\" data-element_type=\"section\" data-e-type=\"section\">\n\t\t\t\t\t\t<div class=\"elementor-container elementor-column-gap-default\">\n\t\t\t\t\t<div class=\"elementor-column elementor-col-100 elementor-top-column elementor-element elementor-element-81b43a0\" data-id=\"81b43a0\" data-element_type=\"column\" data-e-type=\"column\">\n\t\t\t<div class=\"elementor-widget-wrap elementor-element-populated\">\n\t\t\t\t\t\t<div class=\"elementor-element elementor-element-0c2adc6 elementor-widget elementor-widget-text-editor\" data-id=\"0c2adc6\" data-element_type=\"widget\" data-e-type=\"widget\" data-widget_type=\"text-editor.default\">\n\t\t\t\t<div class=\"elementor-widget-container\">\n\t\t\t\t\t\t\t\t\t<p><em>Derni\u00e8re modification le 21 mars 2019<\/em><\/p>\t\t\t\t\t\t\t\t<\/div>\n\t\t\t\t<\/div>\n\t\t\t\t<div class=\"elementor-element elementor-element-5a875f4 elementor-widget elementor-widget-text-editor\" data-id=\"5a875f4\" data-element_type=\"widget\" data-e-type=\"widget\" data-widget_type=\"text-editor.default\">\n\t\t\t\t<div class=\"elementor-widget-container\">\n\t\t\t\t\t\t\t\t\t<h4><strong>\u00c9diteur du site<\/strong><\/h4><p>Le pr\u00e9sent site est \u00e9dit\u00e9 par le BNF, association \u00e0 but non lucratif dont le si\u00e8ge est sis 22 rue des Capucines \u00e0 Paris (75002).<\/p><blockquote><p><strong>Responsable du site :<\/strong> Gilles Chopard-Guillaumot \u2013 Directeur g\u00e9n\u00e9ral<br \/><strong>Contact :<\/strong>\u00a0<a title=\"webmestre@lebnf.fr\" href=\"mailto:webmestre@lebnf.fr\" target=\"_blank\" rel=\"noopener\">webmestre@lebnf.fr<\/a><br \/><strong>H\u00e9bergement :<\/strong>\u00a0OVH \u2013\u00a0\u00a0<a title=\"http:\/\/www.ovh.com\" href=\"http:\/\/www.ovh.com\/\" target=\"_blank\" rel=\"noopener\">www.ovh.com<\/a><br \/><strong>Cr\u00e9dits photo :<\/strong> Fotolia<\/p><\/blockquote><h4>Activit\u00e9s agr\u00e9\u00e9es<\/h4><p>L&rsquo;association BNF a pour objet la normalisation, en France, des mat\u00e9riels, \u00e9quipements, installations et services destin\u00e9s \u00e0 \u00eatre utilis\u00e9s dans le domaine ferroviaire, et la participation aux travaux de normalisation europ\u00e9enne et internationale. Elle intervient principalement en tant que bureau de normalisation sectoriel au sens du d\u00e9cret n\u00b0 2009-697 du 16 juin 2009 relatif \u00e0 la normalisation. Le BNF agit alors dans le cadre d&rsquo;un agr\u00e9ment minist\u00e9riel et par d\u00e9l\u00e9gation de l&rsquo;AFNOR.<\/p><h4>Protection des donn\u00e9es personnelles<\/h4><p>Le BNF n&rsquo;exploite ni n&rsquo;est destinataire d&rsquo;aucune donn\u00e9e personnelle qui pourrait provenir de la consultation du site lebnf.fr.<\/p><h4>Cookies<\/h4><p>La consultation du site <i>lebnf.fr<\/i> peut provoquer l\u2019installation de cookie(s) sur l\u2019ordinateur de l\u2019utilisateur. Un cookie est un fichier de petite taille qui contient des informations relatives \u00e0 la navigation d\u2019un ordinateur sur un site, sans toutefois permettre l\u2019identification de l\u2019utilisateur. Les donn\u00e9es ainsi obtenues visent \u00e0 faciliter la navigation ult\u00e9rieure sur le site et \u00e0 permettre des mesures de fr\u00e9quentation.<\/p><p>L\u2019utilisateur peut configurer son ordinateur pour refuser l\u2019installation des cookies. Ce refus peut toutefois entra\u00eener l\u2019impossibilit\u00e9 d\u2019acc\u00e9der \u00e0 certains services.<\/p><h4>Propri\u00e9t\u00e9 intellectuelle<\/h4><p>Le pr\u00e9sent site constitue une \u0153uvre dont le BNF est l\u2019auteur au sens des articles L111-1 et suivants du Code de la propri\u00e9t\u00e9 intellectuelle. Tous les \u00e9l\u00e9ments du site (graphismes, photos, logos, textes, vid\u00e9os\u2026) sont prot\u00e9g\u00e9s par la l\u00e9gislation sur le droit d\u2019auteur et la propri\u00e9t\u00e9 intellectuelle.<\/p><p>Les informations diffus\u00e9es sur ce site ne peuvent \u00eatre reproduites, repr\u00e9sent\u00e9es ou rediffus\u00e9es par des tiers qu\u2019avec l&rsquo;accord pr\u00e9alable du responsable du site.<\/p><h4>Limitation de responsabilit\u00e9<\/h4><p>L\u2019utilisateur consulte le pr\u00e9sent site \u00e0 ses seuls risques. En aucun cas, le BNF ne pourra \u00eatre tenu responsable des \u00e9ventuels dommages directs ou indirects r\u00e9sultant de la consultation de ce site ou des sites qui lui sont li\u00e9s.<\/p><p>Le contenu du site, y compris les liens hypertextes, est pr\u00e9sent\u00e9 sans aucune garantie de quelque nature que ce soit. Les informations diffus\u00e9es sur ce site ne sont pas contractuelles et n&rsquo;engagent pas le BNF. Elles peuvent faire l\u2019objet de modification sans pr\u00e9avis de la part du BNF.<\/p>\t\t\t\t\t\t\t\t<\/div>\n\t\t\t\t<\/div>\n\t\t\t\t\t<\/div>\n\t\t<\/div>\n\t\t\t\t\t<\/div>\n\t\t<\/section>\n\t\t\t\t<\/div>","protected":false},"excerpt":{"rendered":"<p>Derni\u00e8re modification le 21 mars 2019 \u00c9diteur du site Le pr\u00e9sent site est \u00e9dit\u00e9 par le BNF, association \u00e0 but non lucratif dont le si\u00e8ge est sis 22 rue des Capucines \u00e0 Paris (75002). Responsable du site : Gilles Chopard-Guillaumot \u2013 Directeur g\u00e9n\u00e9ralContact :\u00a0webmestre@lebnf.frH\u00e9bergement :\u00a0OVH \u2013\u00a0\u00a0www.ovh.comCr\u00e9dits photo : Fotolia Activit\u00e9s agr\u00e9\u00e9es L&rsquo;association BNF a pour [&hellip;]<\/p>\n","protected":false},"author":1,"featured_media":0,"parent":0,"menu_order":0,"comment_status":"closed","ping_status":"closed","template":"","meta":{"ocean_post_layout":"","ocean_both_sidebars_style":"","ocean_both_sidebars_content_width":0,"ocean_both_sidebars_sidebars_width":0,"ocean_sidebar":"0","ocean_second_sidebar":"0","ocean_disable_margins":"enable","ocean_add_body_class":"","ocean_shortcode_before_top_bar":"","ocean_shortcode_after_top_bar":"","ocean_shortcode_before_header":"","ocean_shortcode_after_header":"","ocean_has_shortcode":"","ocean_shortcode_after_title":"","ocean_shortcode_before_footer_widgets":"","ocean_shortcode_after_footer_widgets":"","ocean_shortcode_before_footer_bottom":"","ocean_shortcode_after_footer_bottom":"","ocean_display_top_bar":"default","ocean_display_header":"default","ocean_header_style":"","ocean_center_header_left_menu":"0","ocean_custom_header_template":"0","ocean_custom_logo":0,"ocean_custom_retina_logo":0,"ocean_custom_logo_max_width":0,"ocean_custom_logo_tablet_max_width":0,"ocean_custom_logo_mobile_max_width":0,"ocean_custom_logo_max_height":0,"ocean_custom_logo_tablet_max_height":0,"ocean_custom_logo_mobile_max_height":0,"ocean_header_custom_menu":"0","ocean_menu_typo_font_family":"0","ocean_menu_typo_font_subset":"","ocean_menu_typo_font_size":0,"ocean_menu_typo_font_size_tablet":0,"ocean_menu_typo_font_size_mobile":0,"ocean_menu_typo_font_size_unit":"px","ocean_menu_typo_font_weight":"","ocean_menu_typo_font_weight_tablet":"","ocean_menu_typo_font_weight_mobile":"","ocean_menu_typo_transform":"","ocean_menu_typo_transform_tablet":"","ocean_menu_typo_transform_mobile":"","ocean_menu_typo_line_height":0,"ocean_menu_typo_line_height_tablet":0,"ocean_menu_typo_line_height_mobile":0,"ocean_menu_typo_line_height_unit":"","ocean_menu_typo_spacing":0,"ocean_menu_typo_spacing_tablet":0,"ocean_menu_typo_spacing_mobile":0,"ocean_menu_typo_spacing_unit":"","ocean_menu_link_color":"","ocean_menu_link_color_hover":"","ocean_menu_link_color_active":"","ocean_menu_link_background":"","ocean_menu_link_hover_background":"","ocean_menu_link_active_background":"","ocean_menu_social_links_bg":"","ocean_menu_social_hover_links_bg":"","ocean_menu_social_links_color":"","ocean_menu_social_hover_links_color":"","ocean_disable_title":"default","ocean_disable_heading":"default","ocean_post_title":"","ocean_post_subheading":"","ocean_post_title_style":"","ocean_post_title_background_color":"","ocean_post_title_background":0,"ocean_post_title_bg_image_position":"","ocean_post_title_bg_image_attachment":"","ocean_post_title_bg_image_repeat":"","ocean_post_title_bg_image_size":"","ocean_post_title_height":0,"ocean_post_title_bg_overlay":0.5,"ocean_post_title_bg_overlay_color":"","ocean_disable_breadcrumbs":"default","ocean_breadcrumbs_color":"","ocean_breadcrumbs_separator_color":"","ocean_breadcrumbs_links_color":"","ocean_breadcrumbs_links_hover_color":"","ocean_display_footer_widgets":"default","ocean_display_footer_bottom":"default","ocean_custom_footer_template":"0","footnotes":""},"class_list":["post-912","page","type-page","status-publish","hentry","entry"],"_links":{"self":[{"href":"https:\/\/lebnf.fr\/en\/wp-json\/wp\/v2\/pages\/912"}],"collection":[{"href":"https:\/\/lebnf.fr\/en\/wp-json\/wp\/v2\/pages"}],"about":[{"href":"https:\/\/lebnf.fr\/en\/wp-json\/wp\/v2\/types\/page"}],"author":[{"embeddable":true,"href":"https:\/\/lebnf.fr\/en\/wp-json\/wp\/v2\/users\/1"}],"replies":[{"embeddable":true,"href":"https:\/\/lebnf.fr\/en\/wp-json\/wp\/v2\/comments?post=912"}],"version-history":[{"count":22,"href":"https:\/\/lebnf.fr\/en\/wp-json\/wp\/v2\/pages\/912\/revisions"}],"predecessor-version":[{"id":1036,"href":"https:\/\/lebnf.fr\/en\/wp-json\/wp\/v2\/pages\/912\/revisions\/1036"}],"wp:attachment":[{"href":"https:\/\/lebnf.fr\/en\/wp-json\/wp\/v2\/media?parent=912"}],"curies":[{"name":"wp","href":"https:\/\/api.w.org\/{rel}","templated":true}]}}